{"id":354,"date":"2024-02-01T09:59:48","date_gmt":"2024-02-01T09:59:48","guid":{"rendered":"http:\/\/www.hecimalat.com\/?page_id=354"},"modified":"2024-02-15T12:18:36","modified_gmt":"2024-02-15T12:18:36","slug":"kalip-imalatlarimiz","status":"publish","type":"page","link":"http:\/\/www.hecimalat.com\/index.php\/kalip-imalatlarimiz\/","title":{"rendered":"kal\u0131p imalatlar\u0131m\u0131z"},"content":{"rendered":"\n<figure class=\"wp-block-gallery columns-2 is-cropped\"><ul class=\"blocks-gallery-grid\"><li class=\"blocks-gallery-item\"><figure><img loading=\"lazy\" width=\"756\" height=\"568\" src=\"http:\/\/www.hecimalat.com\/wp-content\/uploads\/2024\/02\/temp_image_20240201_125704_3fec7bd1-6ab6-4b3a-bdfb-506caba0e7cd.webp\" alt=\"\" data-id=\"355\" data-full-url=\"http:\/\/www.hecimalat.com\/wp-content\/uploads\/2024\/02\/temp_image_20240201_125704_3fec7bd1-6ab6-4b3a-bdfb-506caba0e7cd.webp\" data-link=\"http:\/\/www.hecimalat.com\/index.php\/kalip-imalatlarimiz\/temp_image_20240201_125704_3fec7bd1-6ab6-4b3a-bdfb-506caba0e7cd\/#main\" class=\"wp-image-355\" srcset=\"http:\/\/www.hecimalat.com\/wp-content\/uploads\/2024\/02\/temp_image_20240201_125704_3fec7bd1-6ab6-4b3a-bdfb-506caba0e7cd.webp 756w, http:\/\/www.hecimalat.com\/wp-content\/uploads\/2024\/02\/temp_image_20240201_125704_3fec7bd1-6ab6-4b3a-bdfb-506caba0e7cd-300x225.webp 300w, http:\/\/www.hecimalat.com\/wp-content\/uploads\/2024\/02\/temp_image_20240201_125704_3fec7bd1-6ab6-4b3a-bdfb-506caba0e7cd-380x285.webp 380w, http:\/\/www.hecimalat.com\/wp-content\/uploads\/2024\/02\/temp_image_20240201_125704_3fec7bd1-6ab6-4b3a-bdfb-506caba0e7cd-285x214.webp 285w\" sizes=\"(max-width: 756px) 100vw, 756px\" \/><\/figure><\/li><li class=\"blocks-gallery-item\"><figure><img loading=\"lazy\" width=\"744\" height=\"992\" src=\"http:\/\/www.hecimalat.com\/wp-content\/uploads\/2024\/02\/kaliphec-1.jpeg\" alt=\"\" data-id=\"362\" data-full-url=\"http:\/\/www.hecimalat.com\/wp-content\/uploads\/2024\/02\/kaliphec-1.jpeg\" data-link=\"http:\/\/www.hecimalat.com\/index.php\/kalip-imalatlarimiz\/kaliphec-1\/#main\" class=\"wp-image-362\" srcset=\"http:\/\/www.hecimalat.com\/wp-content\/uploads\/2024\/02\/kaliphec-1.jpeg 744w, http:\/\/www.hecimalat.com\/wp-content\/uploads\/2024\/02\/kaliphec-1-225x300.jpeg 225w\" sizes=\"(max-width: 744px) 100vw, 744px\" \/><\/figure><\/li><\/ul><\/figure>\n","protected":false},"excerpt":{"rendered":"","protected":false},"author":1,"featured_media":0,"parent":0,"menu_order":0,"comment_status":"closed","ping_status":"closed","template":"","meta":[],"_links":{"self":[{"href":"http:\/\/www.hecimalat.com\/index.php\/wp-json\/wp\/v2\/pages\/354"}],"collection":[{"href":"http:\/\/www.hecimalat.com\/index.php\/wp-json\/wp\/v2\/pages"}],"about":[{"href":"http:\/\/www.hecimalat.com\/index.php\/wp-json\/wp\/v2\/types\/page"}],"author":[{"embeddable":true,"href":"http:\/\/www.hecimalat.com\/index.php\/wp-json\/wp\/v2\/users\/1"}],"replies":[{"embeddable":true,"href":"http:\/\/www.hecimalat.com\/index.php\/wp-json\/wp\/v2\/comments?post=354"}],"version-history":[{"count":3,"href":"http:\/\/www.hecimalat.com\/index.php\/wp-json\/wp\/v2\/pages\/354\/revisions"}],"predecessor-version":[{"id":364,"href":"http:\/\/www.hecimalat.com\/index.php\/wp-json\/wp\/v2\/pages\/354\/revisions\/364"}],"wp:attachment":[{"href":"http:\/\/www.hecimalat.com\/index.php\/wp-json\/wp\/v2\/media?parent=354"}],"curies":[{"name":"wp","href":"https:\/\/api.w.org\/{rel}","templated":true}]}}